{"id":629,"date":"2026-02-05T13:45:30","date_gmt":"2026-02-05T12:45:30","guid":{"rendered":"https:\/\/adesigner.msvens.com\/?page_id=629"},"modified":"2026-02-11T08:52:31","modified_gmt":"2026-02-11T07:52:31","slug":"about","status":"publish","type":"page","link":"https:\/\/www.adesigner.se\/?page_id=629","title":{"rendered":"ABOUT"},"content":{"rendered":"<div class=\"wpb-content-wrapper\">[vc_row row_type=&#8221;row&#8221; use_row_as_full_screen_section=&#8221;no&#8221; type=&#8221;full_width&#8221; text_align=&#8221;left&#8221; background_animation=&#8221;none&#8221; css_animation=&#8221;&#8221;][vc_column width=&#8221;1\/2&#8243;][vc_single_image image=&#8221;126&#8243; img_size=&#8221;medium&#8221; alignment=&#8221;center&#8221; style=&#8221;vc_box_circle_2&#8243; css=&#8221;.vc_custom_1770796336969{padding-bottom: 35px !important;}&#8221; qode_css_animation=&#8221;&#8221;][\/vc_column][vc_column width=&#8221;1\/2&#8243;][vc_column_text css=&#8221;&#8221;]\r\n<div class=\"wpb_text_column wpb_content_element vc_custom_1476972347205\">\r\n<div class=\"wpb_wrapper\">\r\n<h3>Nyfiken, positiv och prestigel\u00f6s<\/h3>\r\n<p class=\"p2\">Hej! Jag heter Anna Maria Therese Nilsson, men Anna r\u00e4cker bra.<\/p>\r\n<p class=\"p2\">Mitt stora intresse \u00e4r kommunikation i allm\u00e4nhet, och design i synnerhet. Sedan 2012 har jag arbetat som frilansande grafisk formgivare med flertalet projekt, och jag har kontinuerligt vidareutbildat mig. Nu senast p\u00e5 Medieinstitutet som Digital Content Designer.<\/p>\r\n<p class=\"p3\">P\u00e5 fritiden gillar jag att titta p\u00e5 gamla serier fr\u00e5n 70- och 80-talen och ta promenader med min kamera i Kransen. Innehar F-skattsedel.<\/p>\r\n&nbsp;\r\n\r\n<\/div>\r\n<\/div>\r\n<div class=\"wpb_text_column wpb_content_element \">\r\n<div class=\"wpb_wrapper\">\r\n\r\n<strong>anna.nilsson78@gmail.com<\/strong>\r\n<strong>+ (46) 735 \u2013 022483<\/strong>\r\n\r\n<\/div>\r\n<\/div>\r\n[\/vc_column_text][\/vc_column][\/vc_row]<!-- \/wp:post-content --><\/div>","protected":false},"excerpt":{"rendered":"<p>[vc_row row_type=&#8221;row&#8221; use_row_as_full_screen_section=&#8221;no&#8221; type=&#8221;full_width&#8221; text_align=&#8221;left&#8221; background_animation=&#8221;none&#8221; css_animation=&#8221;&#8221;][vc_column width=&#8221;1\/2&#8243;][vc_single_image image=&#8221;126&#8243; img_size=&#8221;medium&#8221; alignment=&#8221;center&#8221; style=&#8221;vc_box_circle_2&#8243; css=&#8221;.vc_custom_1770796336969{padding-bottom: 35px !important;}&#8221; qode_css_animation=&#8221;&#8221;][\/vc_column][vc_column width=&#8221;1\/2&#8243;][vc_column_text css=&#8221;&#8221;] Nyfiken, positiv och prestigel\u00f6s Hej! Jag heter Anna Maria Therese Nilsson, men Anna r\u00e4cker bra. Mitt stora intresse \u00e4r kommunikation i allm\u00e4nhet, och design i synnerhet. Sedan&#8230;<\/p>\n","protected":false},"author":1,"featured_media":0,"parent":0,"menu_order":0,"comment_status":"closed","ping_status":"closed","template":"","meta":{"footnotes":""},"class_list":["post-629","page","type-page","status-publish","hentry"],"_links":{"self":[{"href":"https:\/\/www.adesigner.se\/index.php?rest_route=\/wp\/v2\/pages\/629","targetHints":{"allow":["GET"]}}],"collection":[{"href":"https:\/\/www.adesigner.se\/index.php?rest_route=\/wp\/v2\/pages"}],"about":[{"href":"https:\/\/www.adesigner.se\/index.php?rest_route=\/wp\/v2\/types\/page"}],"author":[{"embeddable":true,"href":"https:\/\/www.adesigner.se\/index.php?rest_route=\/wp\/v2\/users\/1"}],"replies":[{"embeddable":true,"href":"https:\/\/www.adesigner.se\/index.php?rest_route=%2Fwp%2Fv2%2Fcomments&post=629"}],"version-history":[{"count":9,"href":"https:\/\/www.adesigner.se\/index.php?rest_route=\/wp\/v2\/pages\/629\/revisions"}],"predecessor-version":[{"id":691,"href":"https:\/\/www.adesigner.se\/index.php?rest_route=\/wp\/v2\/pages\/629\/revisions\/691"}],"wp:attachment":[{"href":"https:\/\/www.adesigner.se\/index.php?rest_route=%2Fwp%2Fv2%2Fmedia&parent=629"}],"curies":[{"name":"wp","href":"https:\/\/api.w.org\/{rel}","templated":true}]}}